{"id":5449,"date":"2021-02-22T07:35:54","date_gmt":"2021-02-22T07:35:54","guid":{"rendered":"https:\/\/www.muradiye.com.tr\/kardelenilkogretimokulu\/?page_id=5449"},"modified":"2021-02-22T07:35:54","modified_gmt":"2021-02-22T07:35:54","slug":"kvkk-politikamiz","status":"publish","type":"page","link":"https:\/\/www.muradiye.com.tr\/kardelenilkogretimokulu\/kvkk-politikamiz\/","title":{"rendered":"KVKK POL\u0130T\u0130KAMIZ"},"content":{"rendered":"<p>Ki\u015fisel verileriniz, hukuka ve d\u00fcr\u00fcstl\u00fck kural\u0131na uygun olarak, belirli, a\u00e7\u0131k ve me\u015fru ama\u00e7lar i\u00e7in i\u015flenmektedir. Ki\u015fisel verilerin do\u011frulu\u011funa ve g\u00fcncelli\u011fine \u00f6nem verilmekte, ki\u015fisel veriler i\u015flendikleri ama\u00e7la ba\u011flant\u0131l\u0131, s\u0131n\u0131rl\u0131 ve \u00f6l\u00e7\u00fcl\u00fc olarak i\u015flenmektedir.\u00a0 Ki\u015fisel verileriniz mevzuatta \u00f6ng\u00f6r\u00fclen s\u00fcrelerin bitiminde ya da i\u015flendikleri ama\u00e7 i\u00e7in gerekli olan s\u00fcrenin sona ermesiyle imha edilmektedir.<\/p>\n<p>Ki\u015fisel veri g\u00fcvenli\u011fi konusunda y\u00fcksek bir bilince sahip olan Kurumumuz ki\u015fisel verilerinizin g\u00fcvenli\u011fi i\u00e7in en \u00fcst d\u00fczeyde tedbirler almaktad\u0131r.<\/p>\n<p>Ki\u015fisel verilerinizle ilgili haklar\u0131n\u0131z KVKK md. 11\u2019de d\u00fczenlenmi\u015f olup bu madde kapsam\u0131nda her t\u00fcrl\u00fc bilgi edinme talebiniz i\u00e7in\u00a0<a href=\"mailto:bilgi@muradiye.com.tr'den\">bilgi@muradiye.com.tr\u2019den<\/a>\u00a0bize ula\u015fabilirsiniz.<\/p>\n","protected":false},"excerpt":{"rendered":"<p>Ki\u015fisel verileriniz, hukuka ve d\u00fcr\u00fcstl\u00fck kural\u0131na uygun olarak, belirli, a\u00e7\u0131k ve me\u015fru ama\u00e7lar i\u00e7in i\u015flenmektedir. Ki\u015fisel verilerin do\u011frulu\u011funa ve g\u00fcncelli\u011fine \u00f6nem verilmekte, ki\u015fisel veriler i\u015flendikleri ama\u00e7la ba\u011flant\u0131l\u0131, s\u0131n\u0131rl\u0131 ve \u00f6l\u00e7\u00fcl\u00fc olarak i\u015flenmektedir.\u00a0 Ki\u015fisel verileriniz mevzuatta \u00f6ng\u00f6r\u00fclen s\u00fcrelerin bitiminde ya da i\u015flendikleri ama\u00e7 i\u00e7in gerekli olan s\u00fcrenin sona ermesiyle imha edilmektedir. Ki\u015fisel veri g\u00fcvenli\u011fi konusunda y\u00fcksek [&hellip;]<\/p>\n","protected":false},"author":1,"featured_media":0,"parent":0,"menu_order":0,"comment_status":"closed","ping_status":"closed","template":"","meta":{"footnotes":""},"class_list":["post-5449","page","type-page","status-publish","hentry"],"_links":{"self":[{"href":"https:\/\/www.muradiye.com.tr\/kardelenilkogretimokulu\/wp-json\/wp\/v2\/pages\/5449"}],"collection":[{"href":"https:\/\/www.muradiye.com.tr\/kardelenilkogretimokulu\/wp-json\/wp\/v2\/pages"}],"about":[{"href":"https:\/\/www.muradiye.com.tr\/kardelenilkogretimokulu\/wp-json\/wp\/v2\/types\/page"}],"author":[{"embeddable":true,"href":"https:\/\/www.muradiye.com.tr\/kardelenilkogretimokulu\/wp-json\/wp\/v2\/users\/1"}],"replies":[{"embeddable":true,"href":"https:\/\/www.muradiye.com.tr\/kardelenilkogretimokulu\/wp-json\/wp\/v2\/comments?post=5449"}],"version-history":[{"count":0,"href":"https:\/\/www.muradiye.com.tr\/kardelenilkogretimokulu\/wp-json\/wp\/v2\/pages\/5449\/revisions"}],"wp:attachment":[{"href":"https:\/\/www.muradiye.com.tr\/kardelenilkogretimokulu\/wp-json\/wp\/v2\/media?parent=5449"}],"curies":[{"name":"wp","href":"https:\/\/api.w.org\/{rel}","templated":true}]}}