{"id":211,"date":"2020-03-04T11:25:15","date_gmt":"2020-03-04T11:25:15","guid":{"rendered":"https:\/\/demo.casethemes.net\/alico\/?page_id=211"},"modified":"2025-09-17T10:07:07","modified_gmt":"2025-09-17T10:07:07","slug":"ogrencikayitucretleri","status":"publish","type":"page","link":"https:\/\/www.muradiye.com.tr\/muradiyeliseleri\/ogrencikayitucretleri\/","title":{"rendered":"\u00d6\u011eRENC\u0130 KAYIT \u00dcCRETLER\u0130"},"content":{"rendered":"\t\t<div data-elementor-type=\"wp-page\" data-elementor-id=\"211\" class=\"elementor elementor-211\" data-elementor-settings=\"[]\">\n\t\t\t\t\t\t<div class=\"elementor-inner\">\n\t\t\t\t\t\t\t<div class=\"elementor-section-wrap\">\n\t\t\t\t\t        <section class=\"elementor-section elementor-inner-section elementor-element elementor-element-504d9941 elementor-section-content-middle elementor-section-boxed elementor-section-height-default elementor-section-height-default\" data-id=\"504d9941\" data-element_type=\"section\">\n            \n                        <div class=\"elementor-container elementor-column-gap-extended \">\n                            <div class=\"elementor-row\">\n                    <div class=\"elementor-column elementor-col-50 elementor-inner-column elementor-element elementor-element-244fa7f6\" data-id=\"244fa7f6\" data-element_type=\"column\">\n            <div class=\"elementor-column-wrap elementor-element-populated\">\n                            <div class=\"elementor-widget-wrap\">\n                \t\t<div class=\"elementor-element elementor-element-3cea71e5 elementor-widget elementor-widget-ct_heading\" data-id=\"3cea71e5\" data-element_type=\"widget\" data-widget_type=\"ct_heading.default\">\n\t\t\t\t<div class=\"elementor-widget-container\">\n\t\t\t<div class=\"ct-heading ct-heading-dot h-align-center \" data-wow-duration=\"1.2s\">\n\t        <h5 class=\"item--title\">\n                    <i class=\"dot-shape\">\n                <i><\/i>\n                <i><\/i>\n                <i><\/i>\n                <i><\/i>\n                <i><\/i>\n                <i><\/i>\n            <\/i>\n                2025-2026 E\u011e\u0130T\u0130M \u00d6\u011eRET\u0130M YILI KAYIT \u00dcCRETLER\u0130    <\/h5>\n<\/div>\t\t<\/div>\n\t\t\t\t<\/div>\n\t\t                <\/div>\n                    <\/div>\n        <\/div>\n                <div class=\"elementor-column elementor-col-50 elementor-inner-column elementor-element elementor-element-671e45cc\" data-id=\"671e45cc\" data-element_type=\"column\">\n            <div class=\"elementor-column-wrap elementor-element-populated\">\n                            <div class=\"elementor-widget-wrap\">\n                \t\t<div class=\"elementor-element elementor-element-4d8285bc elementor-widget elementor-widget-ct_text_editor\" data-id=\"4d8285bc\" data-element_type=\"widget\" data-widget_type=\"ct_text_editor.default\">\n\t\t\t\t<div class=\"elementor-widget-container\">\n\t\t\t<div id=\"ct_text_editor-4d8285bc\" class=\"ct-text-editor \">\n\t<div class=\"ct-inline-css\"  data-css=\"\n        \">\n    <\/div>\n\t<div class=\"ct-text-editor elementor-clearfix\"><\/div>\n<\/div>\t\t<\/div>\n\t\t\t\t<\/div>\n\t\t                <\/div>\n                    <\/div>\n        <\/div>\n                                <\/div>\n                    <\/div>\n        <\/section>\n                <section class=\"elementor-section elementor-top-section elementor-element elementor-element-57b57de elementor-section-boxed elementor-section-height-default elementor-section-height-default\" data-id=\"57b57de\" data-element_type=\"section\">\n            \n                        <div class=\"elementor-container elementor-column-gap-default \">\n                            <div class=\"elementor-row\">\n                    <div class=\"elementor-column elementor-col-100 elementor-top-column elementor-element elementor-element-3c73252\" data-id=\"3c73252\" data-element_type=\"column\">\n            <div class=\"elementor-column-wrap elementor-element-populated\">\n                            <div class=\"elementor-widget-wrap\">\n                \t\t<div class=\"elementor-element elementor-element-cc27430 elementor-widget elementor-widget-image\" data-id=\"cc27430\" data-element_type=\"widget\" data-widget_type=\"image.default\">\n\t\t\t\t<div class=\"elementor-widget-container\">\n\t\t\t\t\t<div class=\"elementor-image\">\n\t\t\t\t\t\t\t\t\t\t<img decoding=\"async\" width=\"1013\" height=\"247\" src=\"https:\/\/www.muradiye.com.tr\/muradiyeliseleri\/wp-content\/uploads\/2025\/03\/1.muradiyeerkek.png\" class=\"attachment-full size-full\" alt=\"\" srcset=\"https:\/\/www.muradiye.com.tr\/muradiyeliseleri\/wp-content\/uploads\/2025\/03\/1.muradiyeerkek.png 1013w, https:\/\/www.muradiye.com.tr\/muradiyeliseleri\/wp-content\/uploads\/2025\/03\/1.muradiyeerkek-300x73.png 300w, https:\/\/www.muradiye.com.tr\/muradiyeliseleri\/wp-content\/uploads\/2025\/03\/1.muradiyeerkek-768x187.png 768w\" sizes=\"(max-width: 1013px) 100vw, 1013px\" \/>\t\t\t\t\t\t\t\t\t\t\t<\/div>\n\t\t\t\t<\/div>\n\t\t\t\t<\/div>\n\t\t                <\/div>\n                    <\/div>\n        <\/div>\n                                <\/div>\n                    <\/div>\n        <\/section>\n                <section class=\"elementor-section elementor-top-section elementor-element elementor-element-6d505a9 elementor-section-boxed elementor-section-height-default elementor-section-height-default\" data-id=\"6d505a9\" data-element_type=\"section\">\n            \n                        <div class=\"elementor-container elementor-column-gap-default \">\n                            <div class=\"elementor-row\">\n                    <div class=\"elementor-column elementor-col-100 elementor-top-column elementor-element elementor-element-fc22a3c\" data-id=\"fc22a3c\" data-element_type=\"column\">\n            <div class=\"elementor-column-wrap elementor-element-populated\">\n                            <div class=\"elementor-widget-wrap\">\n                \t\t<div class=\"elementor-element elementor-element-eef9d2f elementor-widget elementor-widget-spacer\" data-id=\"eef9d2f\" data-element_type=\"widget\" data-widget_type=\"spacer.default\">\n\t\t\t\t<div class=\"elementor-widget-container\">\n\t\t\t\t\t<div class=\"elementor-spacer\">\n\t\t\t<div class=\"elementor-spacer-inner\"><\/div>\n\t\t<\/div>\n\t\t\t\t<\/div>\n\t\t\t\t<\/div>\n\t\t                <\/div>\n                    <\/div>\n        <\/div>\n                                <\/div>\n                    <\/div>\n        <\/section>\n        \t\t\t\t<\/div>\n\t\t\t\t\t\t<\/div>\n\t\t\t\t\t<\/div>\n\t\t","protected":false},"excerpt":{"rendered":"<p>2025-2026 E\u011e\u0130T\u0130M \u00d6\u011eRET\u0130M YILI KAYIT \u00dcCRETLER\u0130<\/p>\n","protected":false},"author":1,"featured_media":0,"parent":0,"menu_order":0,"comment_status":"closed","ping_status":"closed","template":"","meta":{"footnotes":""},"class_list":["post-211","page","type-page","status-publish","hentry"],"_links":{"self":[{"href":"https:\/\/www.muradiye.com.tr\/muradiyeliseleri\/wp-json\/wp\/v2\/pages\/211"}],"collection":[{"href":"https:\/\/www.muradiye.com.tr\/muradiyeliseleri\/wp-json\/wp\/v2\/pages"}],"about":[{"href":"https:\/\/www.muradiye.com.tr\/muradiyeliseleri\/wp-json\/wp\/v2\/types\/page"}],"author":[{"embeddable":true,"href":"https:\/\/www.muradiye.com.tr\/muradiyeliseleri\/wp-json\/wp\/v2\/users\/1"}],"replies":[{"embeddable":true,"href":"https:\/\/www.muradiye.com.tr\/muradiyeliseleri\/wp-json\/wp\/v2\/comments?post=211"}],"version-history":[{"count":9,"href":"https:\/\/www.muradiye.com.tr\/muradiyeliseleri\/wp-json\/wp\/v2\/pages\/211\/revisions"}],"predecessor-version":[{"id":5888,"href":"https:\/\/www.muradiye.com.tr\/muradiyeliseleri\/wp-json\/wp\/v2\/pages\/211\/revisions\/5888"}],"wp:attachment":[{"href":"https:\/\/www.muradiye.com.tr\/muradiyeliseleri\/wp-json\/wp\/v2\/media?parent=211"}],"curies":[{"name":"wp","href":"https:\/\/api.w.org\/{rel}","templated":true}]}}